{"id":840,"date":"2020-07-14T09:14:12","date_gmt":"2020-07-14T09:14:12","guid":{"rendered":"https:\/\/dtalpertemiz.com\/tr\/?page_id=840"},"modified":"2020-07-14T09:14:14","modified_gmt":"2020-07-14T09:14:14","slug":"zirkonyum-kaplama","status":"publish","type":"page","link":"https:\/\/dtalpertemiz.com\/tr\/zirkonyum-kaplama\/","title":{"rendered":"Zirkonyum Kaplama"},"content":{"rendered":"\n<p>Zirkonyum kronlar son zamanlarda en \u00f6nemli ve en \u00e7ok tavsiye\nedilen kron t\u00fcrlerinden biridir. Kendileri i\u00e7in estetik yapay di\u015f isteyen\nki\u015filer zirkonyum kronlar\u0131 tercih ederler. Hastalar genellikle zirkonyum\nkronlar\u0131n\u0131n \u00fcretiminde kullan\u0131lan bile\u015fim veya malzemeler konusunda merak\nduyarlar.<\/p>\n\n\n\n<p>Zirkonyum kronlar zirkonyum oksit veya zirkonyumdan olu\u015fur.\nZirkonya, X-\u0131\u015f\u0131nlar\u0131nda radyoopak olabilen beyaz toz bir metaldir. Ayr\u0131ca, di\u015f\nrengi di\u011fer ta\u00e7 tedavi se\u00e7eneklerinden daha beyazd\u0131r. Burada zirkonya\nkronlar\u0131n\u0131n art\u0131 noktalar\u0131ndan baz\u0131lar\u0131, normal ve geleneksel kronlardan \u00f6nde\nolmalar\u0131n\u0131 sa\u011flar.<\/p>\n\n\n\n<p>Geleneksel metal bazl\u0131 seramik kronlara k\u0131yasla anestezik\ngri \u00e7izgi g\u00f6r\u00fcn\u00fcrl\u00fc\u011f\u00fc yoktur.<\/p>\n\n\n\n<p>Estetik g\u00f6r\u00fcn\u00fcm<\/p>\n\n\n\n<p>Zirkonyum kronlar\u0131n, kronlara kesinlikle do\u011fal bir g\u00f6r\u00fcn\u00fcm\nverdi\u011fi bilinmektedir, bu da onlar\u0131 hem kozmetik hem de di\u015f hastalar\u0131n\u0131n\ng\u00f6zdesi haline getirir. \u00c7o\u011fu zaman, zirkonyum kronlar\u0131 do\u011fal di\u015flerden ay\u0131rt\netmek zordur. \u0130lgili di\u015flere daha do\u011fal bir g\u00f6r\u00fcn\u00fcm sa\u011flamak i\u00e7in zirkonyum\nkuronlar\u0131n di\u015flere ba\u011flanmas\u0131 tavsiye edilir. Bunun nedeni, metal bazl\u0131 kronlar\nkullan\u0131ld\u0131\u011f\u0131nda, sak\u0131z \u00e7izgisinin e\u011filiminde bir kararma olu\u015fmas\u0131d\u0131r.<\/p>\n\n\n\n<p>Canl\u0131 ve Uyumlu<\/p>\n\n\n\n<p>A\u011f\u0131zdaki dokular zirkonyum kronlar\u0131n\u0131 mutlu bir \u015fekilde\nkabul eder. Zirkonyum kronlar\u0131, zirkonyum kron tedavisinin tamamlanmas\u0131ndan\nsonraki g\u00fcnler i\u00e7inde ger\u00e7ekten iyi \u00e7al\u0131\u015fmaya ba\u015flar.<\/p>\n\n\n\n<p>Uzun ya\u015fam<\/p>\n\n\n\n<p>Zirkonyum kronlar\u0131n \u00f6mr\u00fc, normal kronlara k\u0131yasla e\u015fittir.\nZirkonyum kronlar\u0131n en iyi hizmeti sa\u011flad\u0131\u011f\u0131 ve son uzun s\u00fcre iyi bak\u0131ld\u0131\u011f\u0131nda\nbilinir.<\/p>\n\n\n\n<p>Kuvvetli<\/p>\n\n\n\n<p>Zirkonyum kronlar\u0131, ta\u00e7 tedavisi g\u00f6ren hastalar taraf\u0131ndan\nhissedilebilen kayda de\u011fer bir g\u00fcce sahiptir.<\/p>\n\n\n\n<p>Korozyona dayan\u0131kl\u0131<\/p>\n\n\n\n<p>Di\u015f kronlar\u0131n\u0131n \u00e7o\u011fu hastalar taraf\u0131ndan d\u00fczenli olarak\nkullan\u0131lan y\u0131llar ile korozyona u\u011frar. Y\u0131llar boyunca t\u00fcketilen \u00e7e\u015fitli s\u0131v\u0131lar\nve yiyecekler di\u015f kronlar\u0131n\u0131n korozyonuna neden olur. Zirkonyum kronlar, uzun\nbir \u00f6mre b\u00fcy\u00fck \u00f6l\u00e7\u00fcde katk\u0131da bulunan di\u011fer di\u015f kronlar\u0131n\u0131n \u00e7o\u011fu gibi korozyona\nu\u011framaz.<\/p>\n\n\n\n<p>Daha az emek yo\u011fun \u00e7al\u0131\u015fma anlay\u0131\u015f\u0131<\/p>\n\n\n\n<p>En son dental teknolojiler zirkonyum kuronlar\u0131n \u00fcretiminde\nba\u015far\u0131yla kullan\u0131labilir. En iyi yan\u0131, prosed\u00fcrde \u00e7ok zaman kazand\u0131ran \u00e7ok\nsay\u0131da do\u011fal di\u015fin korunmas\u0131d\u0131r. Zirkonyum kuronlar\u0131 ilgili di\u015flere oturtmak\ni\u00e7in sadece di\u015f hekimi minimum haz\u0131rl\u0131k yapmak zorundad\u0131r.<\/p>\n\n\n\n<p>Etkin Maliyet<\/p>\n\n\n\n<p>Uzun vadede Zirkonyum kronlar, porselen kronlar da dahil\nolmak \u00fczere normal kronlardan daha ucuzdur. Zirkonyum kronlar\u0131n faydalar\u0131,\nhastalar\u0131n zirkonyum kronlar\u0131n\u0131 di\u011fer kronlara g\u00f6re se\u00e7melerini arzu eder.<\/p>\n\n\n\n<p>Son Teknoloji<\/p>\n\n\n\n<p>Bu kronlar, dijital di\u015f hekimli\u011finde en son kullan\u0131lan\nCAD-CAM (Bilgisayar destekli tasar\u0131m &#8211; Bilgisayar destekli frezeleme)\nteknolojisi ile yap\u0131lm\u0131\u015ft\u0131r.<\/p>\n\n\n\n<p>&nbsp;Bu nedenle zirkonyum\nkronlar\u0131, hasarl\u0131 di\u015fleri i\u00e7in kal\u0131c\u0131 estetik \u00e7\u00f6z\u00fcmler elde etmek isteyen\nbireyler i\u00e7in b\u00fcy\u00fck fayda sa\u011flar. zirkonyum kronlar modern zamanlarda en iyi\ntedavi se\u00e7eneklerinden biridir.<\/p>\n","protected":false},"excerpt":{"rendered":"<p>Zirkonyum kronlar son zamanlarda en \u00f6nemli ve en \u00e7ok tavsiye edilen kron t\u00fcrlerinden biridir. Kendileri i\u00e7in estetik yapay di\u015f isteyen ki\u015filer zirkonyum kronlar\u0131 tercih ederler. Hastalar<span class=\"excerpt-hellip\"> [\u2026]<\/span><\/p>\n","protected":false},"author":1,"featured_media":0,"parent":0,"menu_order":0,"comment_status":"closed","ping_status":"closed","template":"","meta":{"footnotes":""},"class_list":["post-840","page","type-page","status-publish","hentry"],"yoast_head":"<!-- This site is optimized with the Yoast SEO plugin v23.9 - https:\/\/yoast.com\/wordpress\/plugins\/seo\/ -->\n<title>Zirkonyum Kaplama - Dr.Dt.Osman Alper TEM\u0130Z<\/title>\n<meta name=\"robots\" content=\"index, follow, max-snippet:-1, max-image-preview:large, max-video-preview:-1\" \/>\n<link rel=\"canonical\" href=\"https:\/\/dtalpertemiz.com\/tr\/zirkonyum-kaplama\/\" \/>\n<meta property=\"og:locale\" content=\"tr_TR\" \/>\n<meta property=\"og:type\" content=\"article\" \/>\n<meta property=\"og:title\" content=\"Zirkonyum Kaplama - Dr.Dt.Osman Alper TEM\u0130Z\" \/>\n<meta property=\"og:description\" content=\"Zirkonyum kronlar son zamanlarda en \u00f6nemli ve en \u00e7ok tavsiye edilen kron t\u00fcrlerinden biridir. Kendileri i\u00e7in estetik yapay di\u015f isteyen ki\u015filer zirkonyum kronlar\u0131 tercih ederler. Hastalar [\u2026]\" \/>\n<meta property=\"og:url\" content=\"https:\/\/dtalpertemiz.com\/tr\/zirkonyum-kaplama\/\" \/>\n<meta property=\"og:site_name\" content=\"Dr.Dt.Osman Alper TEM\u0130Z\" \/>\n<meta property=\"article:modified_time\" content=\"2020-07-14T09:14:14+00:00\" \/>\n<meta name=\"twitter:card\" content=\"summary_large_image\" \/>\n<meta name=\"twitter:label1\" content=\"Tahmini okuma s\u00fcresi\" \/>\n\t<meta name=\"twitter:data1\" content=\"3 dakika\" \/>\n<script type=\"application\/ld+json\" class=\"yoast-schema-graph\">{\"@context\":\"https:\/\/schema.org\",\"@graph\":[{\"@type\":\"WebPage\",\"@id\":\"https:\/\/dtalpertemiz.com\/tr\/zirkonyum-kaplama\/\",\"url\":\"https:\/\/dtalpertemiz.com\/tr\/zirkonyum-kaplama\/\",\"name\":\"Zirkonyum Kaplama - Dr.Dt.Osman Alper TEM\u0130Z\",\"isPartOf\":{\"@id\":\"https:\/\/dtalpertemiz.com\/tr\/#website\"},\"datePublished\":\"2020-07-14T09:14:12+00:00\",\"dateModified\":\"2020-07-14T09:14:14+00:00\",\"breadcrumb\":{\"@id\":\"https:\/\/dtalpertemiz.com\/tr\/zirkonyum-kaplama\/#breadcrumb\"},\"inLanguage\":\"tr\",\"potentialAction\":[{\"@type\":\"ReadAction\",\"target\":[\"https:\/\/dtalpertemiz.com\/tr\/zirkonyum-kaplama\/\"]}]},{\"@type\":\"BreadcrumbList\",\"@id\":\"https:\/\/dtalpertemiz.com\/tr\/zirkonyum-kaplama\/#breadcrumb\",\"itemListElement\":[{\"@type\":\"ListItem\",\"position\":1,\"name\":\"Ana sayfa\",\"item\":\"https:\/\/dtalpertemiz.com\/tr\/\"},{\"@type\":\"ListItem\",\"position\":2,\"name\":\"Zirkonyum Kaplama\"}]},{\"@type\":\"WebSite\",\"@id\":\"https:\/\/dtalpertemiz.com\/tr\/#website\",\"url\":\"https:\/\/dtalpertemiz.com\/tr\/\",\"name\":\"Dr.Dt.Osman Alper TEM\u0130Z\",\"description\":\"\",\"potentialAction\":[{\"@type\":\"SearchAction\",\"target\":{\"@type\":\"EntryPoint\",\"urlTemplate\":\"https:\/\/dtalpertemiz.com\/tr\/?s={search_term_string}\"},\"query-input\":{\"@type\":\"PropertyValueSpecification\",\"valueRequired\":true,\"valueName\":\"search_term_string\"}}],\"inLanguage\":\"tr\"}]}<\/script>\n<!-- \/ Yoast SEO plugin. -->","yoast_head_json":{"title":"Zirkonyum Kaplama - Dr.Dt.Osman Alper TEM\u0130Z","robots":{"index":"index","follow":"follow","max-snippet":"max-snippet:-1","max-image-preview":"max-image-preview:large","max-video-preview":"max-video-preview:-1"},"canonical":"https:\/\/dtalpertemiz.com\/tr\/zirkonyum-kaplama\/","og_locale":"tr_TR","og_type":"article","og_title":"Zirkonyum Kaplama - Dr.Dt.Osman Alper TEM\u0130Z","og_description":"Zirkonyum kronlar son zamanlarda en \u00f6nemli ve en \u00e7ok tavsiye edilen kron t\u00fcrlerinden biridir. Kendileri i\u00e7in estetik yapay di\u015f isteyen ki\u015filer zirkonyum kronlar\u0131 tercih ederler. Hastalar [\u2026]","og_url":"https:\/\/dtalpertemiz.com\/tr\/zirkonyum-kaplama\/","og_site_name":"Dr.Dt.Osman Alper TEM\u0130Z","article_modified_time":"2020-07-14T09:14:14+00:00","twitter_card":"summary_large_image","twitter_misc":{"Tahmini okuma s\u00fcresi":"3 dakika"},"schema":{"@context":"https:\/\/schema.org","@graph":[{"@type":"WebPage","@id":"https:\/\/dtalpertemiz.com\/tr\/zirkonyum-kaplama\/","url":"https:\/\/dtalpertemiz.com\/tr\/zirkonyum-kaplama\/","name":"Zirkonyum Kaplama - Dr.Dt.Osman Alper TEM\u0130Z","isPartOf":{"@id":"https:\/\/dtalpertemiz.com\/tr\/#website"},"datePublished":"2020-07-14T09:14:12+00:00","dateModified":"2020-07-14T09:14:14+00:00","breadcrumb":{"@id":"https:\/\/dtalpertemiz.com\/tr\/zirkonyum-kaplama\/#breadcrumb"},"inLanguage":"tr","potentialAction":[{"@type":"ReadAction","target":["https:\/\/dtalpertemiz.com\/tr\/zirkonyum-kaplama\/"]}]},{"@type":"BreadcrumbList","@id":"https:\/\/dtalpertemiz.com\/tr\/zirkonyum-kaplama\/#breadcrumb","itemListElement":[{"@type":"ListItem","position":1,"name":"Ana sayfa","item":"https:\/\/dtalpertemiz.com\/tr\/"},{"@type":"ListItem","position":2,"name":"Zirkonyum Kaplama"}]},{"@type":"WebSite","@id":"https:\/\/dtalpertemiz.com\/tr\/#website","url":"https:\/\/dtalpertemiz.com\/tr\/","name":"Dr.Dt.Osman Alper TEM\u0130Z","description":"","potentialAction":[{"@type":"SearchAction","target":{"@type":"EntryPoint","urlTemplate":"https:\/\/dtalpertemiz.com\/tr\/?s={search_term_string}"},"query-input":{"@type":"PropertyValueSpecification","valueRequired":true,"valueName":"search_term_string"}}],"inLanguage":"tr"}]}},"_links":{"self":[{"href":"https:\/\/dtalpertemiz.com\/tr\/wp-json\/wp\/v2\/pages\/840","targetHints":{"allow":["GET"]}}],"collection":[{"href":"https:\/\/dtalpertemiz.com\/tr\/wp-json\/wp\/v2\/pages"}],"about":[{"href":"https:\/\/dtalpertemiz.com\/tr\/wp-json\/wp\/v2\/types\/page"}],"author":[{"embeddable":true,"href":"https:\/\/dtalpertemiz.com\/tr\/wp-json\/wp\/v2\/users\/1"}],"replies":[{"embeddable":true,"href":"https:\/\/dtalpertemiz.com\/tr\/wp-json\/wp\/v2\/comments?post=840"}],"version-history":[{"count":1,"href":"https:\/\/dtalpertemiz.com\/tr\/wp-json\/wp\/v2\/pages\/840\/revisions"}],"predecessor-version":[{"id":841,"href":"https:\/\/dtalpertemiz.com\/tr\/wp-json\/wp\/v2\/pages\/840\/revisions\/841"}],"wp:attachment":[{"href":"https:\/\/dtalpertemiz.com\/tr\/wp-json\/wp\/v2\/media?parent=840"}],"curies":[{"name":"wp","href":"https:\/\/api.w.org\/{rel}","templated":true}]}}