{"id":834,"date":"2020-07-14T09:09:56","date_gmt":"2020-07-14T09:09:56","guid":{"rendered":"https:\/\/dtalpertemiz.com\/tr\/?page_id=834"},"modified":"2020-07-14T09:09:57","modified_gmt":"2020-07-14T09:09:57","slug":"gulus-estetigi","status":"publish","type":"page","link":"https:\/\/dtalpertemiz.com\/tr\/gulus-estetigi\/","title":{"rendered":"G\u00fcl\u00fc\u015f Esteti\u011fi"},"content":{"rendered":"\n<p>G\u00fcl\u00fc\u015f tasar\u0131m\u0131 olarak da bilinen g\u00fcl\u00fc\u015f esteti\u011fi, uyumlu ve\ng\u00fczel bir g\u00f6r\u00fcn\u00fc\u015f yaratmak i\u00e7in \u00e7o\u011funlukla birden fazla di\u015f \u00fczerinde uygulanan\nbir kozmetik di\u015f tedavisi ya da bir dizi di\u015f tedavisidir. Bu prosed\u00fcr, di\u015f\nbeyazlatma, kaplama ya da di\u015f implant\u0131 gibi tedavileri i\u00e7erebilir.<\/p>\n","protected":false},"excerpt":{"rendered":"<p>G\u00fcl\u00fc\u015f tasar\u0131m\u0131 olarak da bilinen g\u00fcl\u00fc\u015f esteti\u011fi, uyumlu ve g\u00fczel bir g\u00f6r\u00fcn\u00fc\u015f yaratmak i\u00e7in \u00e7o\u011funlukla birden fazla di\u015f \u00fczerinde uygulanan bir kozmetik di\u015f tedavisi ya da<span class=\"excerpt-hellip\"> [\u2026]<\/span><\/p>\n","protected":false},"author":1,"featured_media":0,"parent":0,"menu_order":0,"comment_status":"closed","ping_status":"closed","template":"","meta":{"footnotes":""},"class_list":["post-834","page","type-page","status-publish","hentry"],"yoast_head":"<!-- This site is optimized with the Yoast SEO plugin v23.9 - https:\/\/yoast.com\/wordpress\/plugins\/seo\/ -->\n<title>G\u00fcl\u00fc\u015f Esteti\u011fi - Dr.Dt.Osman Alper TEM\u0130Z<\/title>\n<meta name=\"robots\" content=\"index, follow, max-snippet:-1, max-image-preview:large, max-video-preview:-1\" \/>\n<link rel=\"canonical\" href=\"https:\/\/dtalpertemiz.com\/tr\/gulus-estetigi\/\" \/>\n<meta property=\"og:locale\" content=\"tr_TR\" \/>\n<meta property=\"og:type\" content=\"article\" \/>\n<meta property=\"og:title\" content=\"G\u00fcl\u00fc\u015f Esteti\u011fi - Dr.Dt.Osman Alper TEM\u0130Z\" \/>\n<meta property=\"og:description\" content=\"G\u00fcl\u00fc\u015f tasar\u0131m\u0131 olarak da bilinen g\u00fcl\u00fc\u015f esteti\u011fi, uyumlu ve g\u00fczel bir g\u00f6r\u00fcn\u00fc\u015f yaratmak i\u00e7in \u00e7o\u011funlukla birden fazla di\u015f \u00fczerinde uygulanan bir kozmetik di\u015f tedavisi ya da [\u2026]\" \/>\n<meta property=\"og:url\" content=\"https:\/\/dtalpertemiz.com\/tr\/gulus-estetigi\/\" \/>\n<meta property=\"og:site_name\" content=\"Dr.Dt.Osman Alper TEM\u0130Z\" \/>\n<meta property=\"article:modified_time\" content=\"2020-07-14T09:09:57+00:00\" \/>\n<meta name=\"twitter:card\" content=\"summary_large_image\" \/>\n<script type=\"application\/ld+json\" class=\"yoast-schema-graph\">{\"@context\":\"https:\/\/schema.org\",\"@graph\":[{\"@type\":\"WebPage\",\"@id\":\"https:\/\/dtalpertemiz.com\/tr\/gulus-estetigi\/\",\"url\":\"https:\/\/dtalpertemiz.com\/tr\/gulus-estetigi\/\",\"name\":\"G\u00fcl\u00fc\u015f Esteti\u011fi - Dr.Dt.Osman Alper TEM\u0130Z\",\"isPartOf\":{\"@id\":\"https:\/\/dtalpertemiz.com\/tr\/#website\"},\"datePublished\":\"2020-07-14T09:09:56+00:00\",\"dateModified\":\"2020-07-14T09:09:57+00:00\",\"breadcrumb\":{\"@id\":\"https:\/\/dtalpertemiz.com\/tr\/gulus-estetigi\/#breadcrumb\"},\"inLanguage\":\"tr\",\"potentialAction\":[{\"@type\":\"ReadAction\",\"target\":[\"https:\/\/dtalpertemiz.com\/tr\/gulus-estetigi\/\"]}]},{\"@type\":\"BreadcrumbList\",\"@id\":\"https:\/\/dtalpertemiz.com\/tr\/gulus-estetigi\/#breadcrumb\",\"itemListElement\":[{\"@type\":\"ListItem\",\"position\":1,\"name\":\"Ana sayfa\",\"item\":\"https:\/\/dtalpertemiz.com\/tr\/\"},{\"@type\":\"ListItem\",\"position\":2,\"name\":\"G\u00fcl\u00fc\u015f Esteti\u011fi\"}]},{\"@type\":\"WebSite\",\"@id\":\"https:\/\/dtalpertemiz.com\/tr\/#website\",\"url\":\"https:\/\/dtalpertemiz.com\/tr\/\",\"name\":\"Dr.Dt.Osman Alper TEM\u0130Z\",\"description\":\"\",\"potentialAction\":[{\"@type\":\"SearchAction\",\"target\":{\"@type\":\"EntryPoint\",\"urlTemplate\":\"https:\/\/dtalpertemiz.com\/tr\/?s={search_term_string}\"},\"query-input\":{\"@type\":\"PropertyValueSpecification\",\"valueRequired\":true,\"valueName\":\"search_term_string\"}}],\"inLanguage\":\"tr\"}]}<\/script>\n<!-- \/ Yoast SEO plugin. -->","yoast_head_json":{"title":"G\u00fcl\u00fc\u015f Esteti\u011fi - Dr.Dt.Osman Alper TEM\u0130Z","robots":{"index":"index","follow":"follow","max-snippet":"max-snippet:-1","max-image-preview":"max-image-preview:large","max-video-preview":"max-video-preview:-1"},"canonical":"https:\/\/dtalpertemiz.com\/tr\/gulus-estetigi\/","og_locale":"tr_TR","og_type":"article","og_title":"G\u00fcl\u00fc\u015f Esteti\u011fi - Dr.Dt.Osman Alper TEM\u0130Z","og_description":"G\u00fcl\u00fc\u015f tasar\u0131m\u0131 olarak da bilinen g\u00fcl\u00fc\u015f esteti\u011fi, uyumlu ve g\u00fczel bir g\u00f6r\u00fcn\u00fc\u015f yaratmak i\u00e7in \u00e7o\u011funlukla birden fazla di\u015f \u00fczerinde uygulanan bir kozmetik di\u015f tedavisi ya da [\u2026]","og_url":"https:\/\/dtalpertemiz.com\/tr\/gulus-estetigi\/","og_site_name":"Dr.Dt.Osman Alper TEM\u0130Z","article_modified_time":"2020-07-14T09:09:57+00:00","twitter_card":"summary_large_image","schema":{"@context":"https:\/\/schema.org","@graph":[{"@type":"WebPage","@id":"https:\/\/dtalpertemiz.com\/tr\/gulus-estetigi\/","url":"https:\/\/dtalpertemiz.com\/tr\/gulus-estetigi\/","name":"G\u00fcl\u00fc\u015f Esteti\u011fi - Dr.Dt.Osman Alper TEM\u0130Z","isPartOf":{"@id":"https:\/\/dtalpertemiz.com\/tr\/#website"},"datePublished":"2020-07-14T09:09:56+00:00","dateModified":"2020-07-14T09:09:57+00:00","breadcrumb":{"@id":"https:\/\/dtalpertemiz.com\/tr\/gulus-estetigi\/#breadcrumb"},"inLanguage":"tr","potentialAction":[{"@type":"ReadAction","target":["https:\/\/dtalpertemiz.com\/tr\/gulus-estetigi\/"]}]},{"@type":"BreadcrumbList","@id":"https:\/\/dtalpertemiz.com\/tr\/gulus-estetigi\/#breadcrumb","itemListElement":[{"@type":"ListItem","position":1,"name":"Ana sayfa","item":"https:\/\/dtalpertemiz.com\/tr\/"},{"@type":"ListItem","position":2,"name":"G\u00fcl\u00fc\u015f Esteti\u011fi"}]},{"@type":"WebSite","@id":"https:\/\/dtalpertemiz.com\/tr\/#website","url":"https:\/\/dtalpertemiz.com\/tr\/","name":"Dr.Dt.Osman Alper TEM\u0130Z","description":"","potentialAction":[{"@type":"SearchAction","target":{"@type":"EntryPoint","urlTemplate":"https:\/\/dtalpertemiz.com\/tr\/?s={search_term_string}"},"query-input":{"@type":"PropertyValueSpecification","valueRequired":true,"valueName":"search_term_string"}}],"inLanguage":"tr"}]}},"_links":{"self":[{"href":"https:\/\/dtalpertemiz.com\/tr\/wp-json\/wp\/v2\/pages\/834","targetHints":{"allow":["GET"]}}],"collection":[{"href":"https:\/\/dtalpertemiz.com\/tr\/wp-json\/wp\/v2\/pages"}],"about":[{"href":"https:\/\/dtalpertemiz.com\/tr\/wp-json\/wp\/v2\/types\/page"}],"author":[{"embeddable":true,"href":"https:\/\/dtalpertemiz.com\/tr\/wp-json\/wp\/v2\/users\/1"}],"replies":[{"embeddable":true,"href":"https:\/\/dtalpertemiz.com\/tr\/wp-json\/wp\/v2\/comments?post=834"}],"version-history":[{"count":1,"href":"https:\/\/dtalpertemiz.com\/tr\/wp-json\/wp\/v2\/pages\/834\/revisions"}],"predecessor-version":[{"id":835,"href":"https:\/\/dtalpertemiz.com\/tr\/wp-json\/wp\/v2\/pages\/834\/revisions\/835"}],"wp:attachment":[{"href":"https:\/\/dtalpertemiz.com\/tr\/wp-json\/wp\/v2\/media?parent=834"}],"curies":[{"name":"wp","href":"https:\/\/api.w.org\/{rel}","templated":true}]}}