{"id":830,"date":"2020-07-14T09:07:34","date_gmt":"2020-07-14T09:07:34","guid":{"rendered":"https:\/\/dtalpertemiz.com\/tr\/?page_id=830"},"modified":"2020-07-14T09:07:36","modified_gmt":"2020-07-14T09:07:36","slug":"restoratif-dis-tedavisi","status":"publish","type":"page","link":"https:\/\/dtalpertemiz.com\/tr\/restoratif-dis-tedavisi\/","title":{"rendered":"Restoratif Di\u015f Tedavisi"},"content":{"rendered":"\n<p>Restoratif Di\u015f Tedavisi, \u00e7\u00fcr\u00fck, hasar g\u00f6rm\u00fc\u015f, hassas, k\u0131r\u0131k,\nlekeli, doku bozuklu\u011fu olan, aral\u0131kl\u0131 di\u015flerin tedavisiyle u\u011fra\u015fmaktad\u0131r.\nHedef, hastaya g\u00fczel ve do\u011fal g\u00fcl\u00fc\u015f vermek ve gelecekteki olu\u015fabilecek a\u011f\u0131z\nsa\u011fl\u0131\u011f\u0131 konusundaki sorunlar\u0131 engellemektir. Restoratif Di\u015f Tedavisi, dolgu,\nkanal tedavisi, kaplamalar ve k\u00f6pr\u00fcler gibi tedavileri i\u00e7erir.<\/p>\n","protected":false},"excerpt":{"rendered":"<p>Restoratif Di\u015f Tedavisi, \u00e7\u00fcr\u00fck, hasar g\u00f6rm\u00fc\u015f, hassas, k\u0131r\u0131k, lekeli, doku bozuklu\u011fu olan, aral\u0131kl\u0131 di\u015flerin tedavisiyle u\u011fra\u015fmaktad\u0131r. Hedef, hastaya g\u00fczel ve do\u011fal g\u00fcl\u00fc\u015f vermek ve gelecekteki olu\u015fabilecek<span class=\"excerpt-hellip\"> [\u2026]<\/span><\/p>\n","protected":false},"author":1,"featured_media":0,"parent":0,"menu_order":0,"comment_status":"closed","ping_status":"closed","template":"","meta":{"footnotes":""},"class_list":["post-830","page","type-page","status-publish","hentry"],"yoast_head":"<!-- This site is optimized with the Yoast SEO plugin v23.9 - https:\/\/yoast.com\/wordpress\/plugins\/seo\/ -->\n<title>Restoratif Di\u015f Tedavisi - Dr.Dt.Osman Alper TEM\u0130Z<\/title>\n<meta name=\"robots\" content=\"index, follow, max-snippet:-1, max-image-preview:large, max-video-preview:-1\" \/>\n<link rel=\"canonical\" href=\"https:\/\/dtalpertemiz.com\/tr\/restoratif-dis-tedavisi\/\" \/>\n<meta property=\"og:locale\" content=\"tr_TR\" \/>\n<meta property=\"og:type\" content=\"article\" \/>\n<meta property=\"og:title\" content=\"Restoratif Di\u015f Tedavisi - Dr.Dt.Osman Alper TEM\u0130Z\" \/>\n<meta property=\"og:description\" content=\"Restoratif Di\u015f Tedavisi, \u00e7\u00fcr\u00fck, hasar g\u00f6rm\u00fc\u015f, hassas, k\u0131r\u0131k, lekeli, doku bozuklu\u011fu olan, aral\u0131kl\u0131 di\u015flerin tedavisiyle u\u011fra\u015fmaktad\u0131r. Hedef, hastaya g\u00fczel ve do\u011fal g\u00fcl\u00fc\u015f vermek ve gelecekteki olu\u015fabilecek [\u2026]\" \/>\n<meta property=\"og:url\" content=\"https:\/\/dtalpertemiz.com\/tr\/restoratif-dis-tedavisi\/\" \/>\n<meta property=\"og:site_name\" content=\"Dr.Dt.Osman Alper TEM\u0130Z\" \/>\n<meta property=\"article:modified_time\" content=\"2020-07-14T09:07:36+00:00\" \/>\n<meta name=\"twitter:card\" content=\"summary_large_image\" \/>\n<script type=\"application\/ld+json\" class=\"yoast-schema-graph\">{\"@context\":\"https:\/\/schema.org\",\"@graph\":[{\"@type\":\"WebPage\",\"@id\":\"https:\/\/dtalpertemiz.com\/tr\/restoratif-dis-tedavisi\/\",\"url\":\"https:\/\/dtalpertemiz.com\/tr\/restoratif-dis-tedavisi\/\",\"name\":\"Restoratif Di\u015f Tedavisi - Dr.Dt.Osman Alper TEM\u0130Z\",\"isPartOf\":{\"@id\":\"https:\/\/dtalpertemiz.com\/tr\/#website\"},\"datePublished\":\"2020-07-14T09:07:34+00:00\",\"dateModified\":\"2020-07-14T09:07:36+00:00\",\"breadcrumb\":{\"@id\":\"https:\/\/dtalpertemiz.com\/tr\/restoratif-dis-tedavisi\/#breadcrumb\"},\"inLanguage\":\"tr\",\"potentialAction\":[{\"@type\":\"ReadAction\",\"target\":[\"https:\/\/dtalpertemiz.com\/tr\/restoratif-dis-tedavisi\/\"]}]},{\"@type\":\"BreadcrumbList\",\"@id\":\"https:\/\/dtalpertemiz.com\/tr\/restoratif-dis-tedavisi\/#breadcrumb\",\"itemListElement\":[{\"@type\":\"ListItem\",\"position\":1,\"name\":\"Ana sayfa\",\"item\":\"https:\/\/dtalpertemiz.com\/tr\/\"},{\"@type\":\"ListItem\",\"position\":2,\"name\":\"Restoratif Di\u015f Tedavisi\"}]},{\"@type\":\"WebSite\",\"@id\":\"https:\/\/dtalpertemiz.com\/tr\/#website\",\"url\":\"https:\/\/dtalpertemiz.com\/tr\/\",\"name\":\"Dr.Dt.Osman Alper TEM\u0130Z\",\"description\":\"\",\"potentialAction\":[{\"@type\":\"SearchAction\",\"target\":{\"@type\":\"EntryPoint\",\"urlTemplate\":\"https:\/\/dtalpertemiz.com\/tr\/?s={search_term_string}\"},\"query-input\":{\"@type\":\"PropertyValueSpecification\",\"valueRequired\":true,\"valueName\":\"search_term_string\"}}],\"inLanguage\":\"tr\"}]}<\/script>\n<!-- \/ Yoast SEO plugin. -->","yoast_head_json":{"title":"Restoratif Di\u015f Tedavisi - Dr.Dt.Osman Alper TEM\u0130Z","robots":{"index":"index","follow":"follow","max-snippet":"max-snippet:-1","max-image-preview":"max-image-preview:large","max-video-preview":"max-video-preview:-1"},"canonical":"https:\/\/dtalpertemiz.com\/tr\/restoratif-dis-tedavisi\/","og_locale":"tr_TR","og_type":"article","og_title":"Restoratif Di\u015f Tedavisi - Dr.Dt.Osman Alper TEM\u0130Z","og_description":"Restoratif Di\u015f Tedavisi, \u00e7\u00fcr\u00fck, hasar g\u00f6rm\u00fc\u015f, hassas, k\u0131r\u0131k, lekeli, doku bozuklu\u011fu olan, aral\u0131kl\u0131 di\u015flerin tedavisiyle u\u011fra\u015fmaktad\u0131r. Hedef, hastaya g\u00fczel ve do\u011fal g\u00fcl\u00fc\u015f vermek ve gelecekteki olu\u015fabilecek [\u2026]","og_url":"https:\/\/dtalpertemiz.com\/tr\/restoratif-dis-tedavisi\/","og_site_name":"Dr.Dt.Osman Alper TEM\u0130Z","article_modified_time":"2020-07-14T09:07:36+00:00","twitter_card":"summary_large_image","schema":{"@context":"https:\/\/schema.org","@graph":[{"@type":"WebPage","@id":"https:\/\/dtalpertemiz.com\/tr\/restoratif-dis-tedavisi\/","url":"https:\/\/dtalpertemiz.com\/tr\/restoratif-dis-tedavisi\/","name":"Restoratif Di\u015f Tedavisi - Dr.Dt.Osman Alper TEM\u0130Z","isPartOf":{"@id":"https:\/\/dtalpertemiz.com\/tr\/#website"},"datePublished":"2020-07-14T09:07:34+00:00","dateModified":"2020-07-14T09:07:36+00:00","breadcrumb":{"@id":"https:\/\/dtalpertemiz.com\/tr\/restoratif-dis-tedavisi\/#breadcrumb"},"inLanguage":"tr","potentialAction":[{"@type":"ReadAction","target":["https:\/\/dtalpertemiz.com\/tr\/restoratif-dis-tedavisi\/"]}]},{"@type":"BreadcrumbList","@id":"https:\/\/dtalpertemiz.com\/tr\/restoratif-dis-tedavisi\/#breadcrumb","itemListElement":[{"@type":"ListItem","position":1,"name":"Ana sayfa","item":"https:\/\/dtalpertemiz.com\/tr\/"},{"@type":"ListItem","position":2,"name":"Restoratif Di\u015f Tedavisi"}]},{"@type":"WebSite","@id":"https:\/\/dtalpertemiz.com\/tr\/#website","url":"https:\/\/dtalpertemiz.com\/tr\/","name":"Dr.Dt.Osman Alper TEM\u0130Z","description":"","potentialAction":[{"@type":"SearchAction","target":{"@type":"EntryPoint","urlTemplate":"https:\/\/dtalpertemiz.com\/tr\/?s={search_term_string}"},"query-input":{"@type":"PropertyValueSpecification","valueRequired":true,"valueName":"search_term_string"}}],"inLanguage":"tr"}]}},"_links":{"self":[{"href":"https:\/\/dtalpertemiz.com\/tr\/wp-json\/wp\/v2\/pages\/830","targetHints":{"allow":["GET"]}}],"collection":[{"href":"https:\/\/dtalpertemiz.com\/tr\/wp-json\/wp\/v2\/pages"}],"about":[{"href":"https:\/\/dtalpertemiz.com\/tr\/wp-json\/wp\/v2\/types\/page"}],"author":[{"embeddable":true,"href":"https:\/\/dtalpertemiz.com\/tr\/wp-json\/wp\/v2\/users\/1"}],"replies":[{"embeddable":true,"href":"https:\/\/dtalpertemiz.com\/tr\/wp-json\/wp\/v2\/comments?post=830"}],"version-history":[{"count":1,"href":"https:\/\/dtalpertemiz.com\/tr\/wp-json\/wp\/v2\/pages\/830\/revisions"}],"predecessor-version":[{"id":831,"href":"https:\/\/dtalpertemiz.com\/tr\/wp-json\/wp\/v2\/pages\/830\/revisions\/831"}],"wp:attachment":[{"href":"https:\/\/dtalpertemiz.com\/tr\/wp-json\/wp\/v2\/media?parent=830"}],"curies":[{"name":"wp","href":"https:\/\/api.w.org\/{rel}","templated":true}]}}