{"id":820,"date":"2020-07-14T08:54:04","date_gmt":"2020-07-14T08:54:04","guid":{"rendered":"https:\/\/dtalpertemiz.com\/tr\/?page_id=820"},"modified":"2020-07-14T08:54:06","modified_gmt":"2020-07-14T08:54:06","slug":"lamine-kaplama","status":"publish","type":"page","link":"https:\/\/dtalpertemiz.com\/tr\/lamine-kaplama\/","title":{"rendered":"LAM\u0130NE KAPLAMA"},"content":{"rendered":"\n<p>Lamine kaplamalar (Lumineers) ki\u015fiye \u00f6zel haz\u0131rlanan, di\u015fin \u00f6n\ny\u00fcz\u00fcn\u00fc kaplamak i\u00e7in kullan\u0131lan, ince, porselen tabakalard\u0131r. Bu tabakalar\ndi\u015fin \u00f6n y\u00fcz\u00fcne tutturularak, rengini, \u015feklini, boyutunu ya da uzunlu\u011funu\nde\u011fi\u015ftirmek i\u00e7in kullan\u0131l\u0131r. Kaplamalar, \u00e7atlak, k\u0131r\u0131k, lekelenmi\u015f, hizas\u0131\nbozuk, e\u015fit olmayan ve \u00e7arp\u0131k di\u015fler gibi bir\u00e7ok kozmetik sorunu d\u00fczeltmek i\u00e7in\nkullan\u0131labilir. <\/p>\n\n\n\n<p>Muayene, \u00f6nce r\u00f6ntgen \u00e7ekimiyle ba\u015flar, sonras\u0131nda lokal\nanestezi yap\u0131l\u0131r ve di\u015fin y\u00fczeyi yeniden \u015fekillendirilir. Bunun sonras\u0131nda a\u011f\u0131z\ni\u00e7inin ve di\u015flerin kal\u0131b\u0131 al\u0131n\u0131r.<\/p>\n\n\n\n<p>Kaplamalar di\u015flere yap\u0131\u015ft\u0131r\u0131lmadan \u00f6nce, en estetik sonu\u00e7lara\nula\u015f\u0131labilmesi i\u00e7in, di\u015f\u00e7i kaplamalar\u0131n hastan\u0131n di\u015flerine olan uyumunu ve\nrengini kontrol eder. Ayn\u0131 zamanda kaplamalar\u0131n iyi yap\u0131\u015fmas\u0131 i\u00e7in hastan\u0131n\ndi\u015fleri temizlenir ve p\u00fcr\u00fczs\u00fczle\u015ftirilir.<\/p>\n\n\n\n<p>Kaplamalar\u0131n di\u015fe iyice yap\u0131\u015fabilmesi i\u00e7in \u00f6zel bir \u0131\u015f\u0131k\nkullan\u0131larak yap\u0131\u015fkan i\u00e7indeki kimyasallar aktive edilir. Son olarak yap\u0131\u015fkan\u0131n\nfazlas\u0131 temizlenir ve en son ayarlamalar yap\u0131l\u0131r, hastan\u0131n \u0131s\u0131rmas\u0131 kontrol\nedilir.<\/p>\n\n\n\n<p>En kal\u0131c\u0131 ve en iyi kaplama materyali, di\u015f\u00e7iniz taraf\u0131ndan\nburada se\u00e7ilecektir. O hep istedi\u011finiz g\u00fcl\u00fcmsemeye kavu\u015fman\u0131za yard\u0131mc\u0131 olmak\ni\u00e7in sab\u0131rs\u0131zlan\u0131yoruz!<\/p>\n","protected":false},"excerpt":{"rendered":"<p>Lamine kaplamalar (Lumineers) ki\u015fiye \u00f6zel haz\u0131rlanan, di\u015fin \u00f6n y\u00fcz\u00fcn\u00fc kaplamak i\u00e7in kullan\u0131lan, ince, porselen tabakalard\u0131r. Bu tabakalar di\u015fin \u00f6n y\u00fcz\u00fcne tutturularak, rengini, \u015feklini, boyutunu ya da<span class=\"excerpt-hellip\"> [\u2026]<\/span><\/p>\n","protected":false},"author":1,"featured_media":0,"parent":0,"menu_order":0,"comment_status":"closed","ping_status":"closed","template":"","meta":{"footnotes":""},"class_list":["post-820","page","type-page","status-publish","hentry"],"yoast_head":"<!-- This site is optimized with the Yoast SEO plugin v23.9 - https:\/\/yoast.com\/wordpress\/plugins\/seo\/ -->\n<title>LAM\u0130NE KAPLAMA - Dr.Dt.Osman Alper TEM\u0130Z<\/title>\n<meta name=\"robots\" content=\"index, follow, max-snippet:-1, max-image-preview:large, max-video-preview:-1\" \/>\n<link rel=\"canonical\" href=\"https:\/\/dtalpertemiz.com\/tr\/lamine-kaplama\/\" \/>\n<meta property=\"og:locale\" content=\"tr_TR\" \/>\n<meta property=\"og:type\" content=\"article\" \/>\n<meta property=\"og:title\" content=\"LAM\u0130NE KAPLAMA - Dr.Dt.Osman Alper TEM\u0130Z\" \/>\n<meta property=\"og:description\" content=\"Lamine kaplamalar (Lumineers) ki\u015fiye \u00f6zel haz\u0131rlanan, di\u015fin \u00f6n y\u00fcz\u00fcn\u00fc kaplamak i\u00e7in kullan\u0131lan, ince, porselen tabakalard\u0131r. Bu tabakalar di\u015fin \u00f6n y\u00fcz\u00fcne tutturularak, rengini, \u015feklini, boyutunu ya da [\u2026]\" \/>\n<meta property=\"og:url\" content=\"https:\/\/dtalpertemiz.com\/tr\/lamine-kaplama\/\" \/>\n<meta property=\"og:site_name\" content=\"Dr.Dt.Osman Alper TEM\u0130Z\" \/>\n<meta property=\"article:modified_time\" content=\"2020-07-14T08:54:06+00:00\" \/>\n<meta name=\"twitter:card\" content=\"summary_large_image\" \/>\n<meta name=\"twitter:label1\" content=\"Tahmini okuma s\u00fcresi\" \/>\n\t<meta name=\"twitter:data1\" content=\"1 dakika\" \/>\n<script type=\"application\/ld+json\" class=\"yoast-schema-graph\">{\"@context\":\"https:\/\/schema.org\",\"@graph\":[{\"@type\":\"WebPage\",\"@id\":\"https:\/\/dtalpertemiz.com\/tr\/lamine-kaplama\/\",\"url\":\"https:\/\/dtalpertemiz.com\/tr\/lamine-kaplama\/\",\"name\":\"LAM\u0130NE KAPLAMA - Dr.Dt.Osman Alper TEM\u0130Z\",\"isPartOf\":{\"@id\":\"https:\/\/dtalpertemiz.com\/tr\/#website\"},\"datePublished\":\"2020-07-14T08:54:04+00:00\",\"dateModified\":\"2020-07-14T08:54:06+00:00\",\"breadcrumb\":{\"@id\":\"https:\/\/dtalpertemiz.com\/tr\/lamine-kaplama\/#breadcrumb\"},\"inLanguage\":\"tr\",\"potentialAction\":[{\"@type\":\"ReadAction\",\"target\":[\"https:\/\/dtalpertemiz.com\/tr\/lamine-kaplama\/\"]}]},{\"@type\":\"BreadcrumbList\",\"@id\":\"https:\/\/dtalpertemiz.com\/tr\/lamine-kaplama\/#breadcrumb\",\"itemListElement\":[{\"@type\":\"ListItem\",\"position\":1,\"name\":\"Ana sayfa\",\"item\":\"https:\/\/dtalpertemiz.com\/tr\/\"},{\"@type\":\"ListItem\",\"position\":2,\"name\":\"LAM\u0130NE KAPLAMA\"}]},{\"@type\":\"WebSite\",\"@id\":\"https:\/\/dtalpertemiz.com\/tr\/#website\",\"url\":\"https:\/\/dtalpertemiz.com\/tr\/\",\"name\":\"Dr.Dt.Osman Alper TEM\u0130Z\",\"description\":\"\",\"potentialAction\":[{\"@type\":\"SearchAction\",\"target\":{\"@type\":\"EntryPoint\",\"urlTemplate\":\"https:\/\/dtalpertemiz.com\/tr\/?s={search_term_string}\"},\"query-input\":{\"@type\":\"PropertyValueSpecification\",\"valueRequired\":true,\"valueName\":\"search_term_string\"}}],\"inLanguage\":\"tr\"}]}<\/script>\n<!-- \/ Yoast SEO plugin. -->","yoast_head_json":{"title":"LAM\u0130NE KAPLAMA - Dr.Dt.Osman Alper TEM\u0130Z","robots":{"index":"index","follow":"follow","max-snippet":"max-snippet:-1","max-image-preview":"max-image-preview:large","max-video-preview":"max-video-preview:-1"},"canonical":"https:\/\/dtalpertemiz.com\/tr\/lamine-kaplama\/","og_locale":"tr_TR","og_type":"article","og_title":"LAM\u0130NE KAPLAMA - Dr.Dt.Osman Alper TEM\u0130Z","og_description":"Lamine kaplamalar (Lumineers) ki\u015fiye \u00f6zel haz\u0131rlanan, di\u015fin \u00f6n y\u00fcz\u00fcn\u00fc kaplamak i\u00e7in kullan\u0131lan, ince, porselen tabakalard\u0131r. Bu tabakalar di\u015fin \u00f6n y\u00fcz\u00fcne tutturularak, rengini, \u015feklini, boyutunu ya da [\u2026]","og_url":"https:\/\/dtalpertemiz.com\/tr\/lamine-kaplama\/","og_site_name":"Dr.Dt.Osman Alper TEM\u0130Z","article_modified_time":"2020-07-14T08:54:06+00:00","twitter_card":"summary_large_image","twitter_misc":{"Tahmini okuma s\u00fcresi":"1 dakika"},"schema":{"@context":"https:\/\/schema.org","@graph":[{"@type":"WebPage","@id":"https:\/\/dtalpertemiz.com\/tr\/lamine-kaplama\/","url":"https:\/\/dtalpertemiz.com\/tr\/lamine-kaplama\/","name":"LAM\u0130NE KAPLAMA - Dr.Dt.Osman Alper TEM\u0130Z","isPartOf":{"@id":"https:\/\/dtalpertemiz.com\/tr\/#website"},"datePublished":"2020-07-14T08:54:04+00:00","dateModified":"2020-07-14T08:54:06+00:00","breadcrumb":{"@id":"https:\/\/dtalpertemiz.com\/tr\/lamine-kaplama\/#breadcrumb"},"inLanguage":"tr","potentialAction":[{"@type":"ReadAction","target":["https:\/\/dtalpertemiz.com\/tr\/lamine-kaplama\/"]}]},{"@type":"BreadcrumbList","@id":"https:\/\/dtalpertemiz.com\/tr\/lamine-kaplama\/#breadcrumb","itemListElement":[{"@type":"ListItem","position":1,"name":"Ana sayfa","item":"https:\/\/dtalpertemiz.com\/tr\/"},{"@type":"ListItem","position":2,"name":"LAM\u0130NE KAPLAMA"}]},{"@type":"WebSite","@id":"https:\/\/dtalpertemiz.com\/tr\/#website","url":"https:\/\/dtalpertemiz.com\/tr\/","name":"Dr.Dt.Osman Alper TEM\u0130Z","description":"","potentialAction":[{"@type":"SearchAction","target":{"@type":"EntryPoint","urlTemplate":"https:\/\/dtalpertemiz.com\/tr\/?s={search_term_string}"},"query-input":{"@type":"PropertyValueSpecification","valueRequired":true,"valueName":"search_term_string"}}],"inLanguage":"tr"}]}},"_links":{"self":[{"href":"https:\/\/dtalpertemiz.com\/tr\/wp-json\/wp\/v2\/pages\/820","targetHints":{"allow":["GET"]}}],"collection":[{"href":"https:\/\/dtalpertemiz.com\/tr\/wp-json\/wp\/v2\/pages"}],"about":[{"href":"https:\/\/dtalpertemiz.com\/tr\/wp-json\/wp\/v2\/types\/page"}],"author":[{"embeddable":true,"href":"https:\/\/dtalpertemiz.com\/tr\/wp-json\/wp\/v2\/users\/1"}],"replies":[{"embeddable":true,"href":"https:\/\/dtalpertemiz.com\/tr\/wp-json\/wp\/v2\/comments?post=820"}],"version-history":[{"count":1,"href":"https:\/\/dtalpertemiz.com\/tr\/wp-json\/wp\/v2\/pages\/820\/revisions"}],"predecessor-version":[{"id":821,"href":"https:\/\/dtalpertemiz.com\/tr\/wp-json\/wp\/v2\/pages\/820\/revisions\/821"}],"wp:attachment":[{"href":"https:\/\/dtalpertemiz.com\/tr\/wp-json\/wp\/v2\/media?parent=820"}],"curies":[{"name":"wp","href":"https:\/\/api.w.org\/{rel}","templated":true}]}}