{"id":779,"date":"2019-06-10T09:05:48","date_gmt":"2019-06-10T09:05:48","guid":{"rendered":"https:\/\/idrisersin.org\/tr\/?page_id=779"},"modified":"2019-06-10T09:05:51","modified_gmt":"2019-06-10T09:05:51","slug":"randevu","status":"publish","type":"page","link":"https:\/\/dtalpertemiz.com\/tr\/randevu\/","title":{"rendered":"Randevu"},"content":{"rendered":"\n<div class=\"wpcf7 no-js\" id=\"wpcf7-f778-o1\" lang=\"tr-TR\" dir=\"ltr\" data-wpcf7-id=\"778\">\n<div class=\"screen-reader-response\"><p role=\"status\" aria-live=\"polite\" aria-atomic=\"true\"><\/p> <ul><\/ul><\/div>\n<form action=\"\/tr\/wp-json\/wp\/v2\/pages\/779#wpcf7-f778-o1\" method=\"post\" class=\"wpcf7-form init\" aria-label=\"\u0130leti\u015fim Formu\" novalidate=\"novalidate\" data-status=\"init\">\n<div style=\"display: none;\">\n<input type=\"hidden\" name=\"_wpcf7\" value=\"778\" \/>\n<input type=\"hidden\" name=\"_wpcf7_version\" value=\"6.0\" \/>\n<input type=\"hidden\" name=\"_wpcf7_locale\" value=\"tr_TR\" \/>\n<input type=\"hidden\" name=\"_wpcf7_unit_tag\" value=\"wpcf7-f778-o1\" \/>\n<input type=\"hidden\" name=\"_wpcf7_container_post\" value=\"0\" \/>\n<input type=\"hidden\" name=\"_wpcf7_posted_data_hash\" value=\"\" \/>\n<\/div>\n<div class=\"cf7-form row\" >\n\t<div class=\"col-md-6 name\">\n\t\t<p><span class=\"wpcf7-form-control-wrap\" data-name=\"text-name\"><input size=\"40\" maxlength=\"400\" class=\"wpcf7-form-control wpcf7-text wpcf7-validates-as-required\" aria-required=\"true\" aria-invalid=\"false\" placeholder=\"Ad\u0131n\u0131z Soyad\u0131n\u0131z\" value=\"\" type=\"text\" name=\"text-name\" \/><\/span>\n\t\t<\/p>\n\t<\/div>\n\t<div class=\"col-md-6 phone\">\n\t\t<p><span class=\"wpcf7-form-control-wrap\" data-name=\"text-phone\"><input size=\"40\" maxlength=\"400\" class=\"wpcf7-form-control wpcf7-text wpcf7-validates-as-required\" aria-required=\"true\" aria-invalid=\"false\" placeholder=\"Telefon\" value=\"\" type=\"text\" name=\"text-phone\" \/><\/span>\n\t\t<\/p>\n\t<\/div>\n\t<div class=\"col-md-12\">\n\t\t<p><span class=\"wpcf7-form-control-wrap\" data-name=\"textarea-notes\"><textarea cols=\"40\" rows=\"10\" maxlength=\"2000\" class=\"wpcf7-form-control wpcf7-textarea\" aria-invalid=\"false\" placeholder=\"Mesaj\" name=\"textarea-notes\"><\/textarea><\/span>\n\t\t<\/p>\n\t<\/div>\n\t<div class=\"col-md-12 text-center\">\n\t\t<p><button class=\"zn_contact_submit btn btn-fullcolor btn--rounded  btn-md\" type=\"submit\">Online Randevu Talebi<\/button>\n\t\t<\/p>\n\t<\/div>\n<\/div><p style=\"display: none !important;\" class=\"akismet-fields-container\" data-prefix=\"_wpcf7_ak_\"><label>&#916;<textarea name=\"_wpcf7_ak_hp_textarea\" cols=\"45\" rows=\"8\" maxlength=\"100\"><\/textarea><\/label><input type=\"hidden\" id=\"ak_js_1\" name=\"_wpcf7_ak_js\" value=\"59\"\/><script>document.getElementById( \"ak_js_1\" ).setAttribute( \"value\", ( new Date() ).getTime() );<\/script><\/p><div class=\"wpcf7-response-output\" aria-hidden=\"true\"><\/div>\n<\/form>\n<\/div>\n\n","protected":false},"excerpt":{"rendered":"Online Randevu Talebi &#916;document.getElementById( \"ak_js_2\" ).setAttribute( \"value\", ( new Date() ).getTime() );","protected":false},"author":1,"featured_media":0,"parent":0,"menu_order":0,"comment_status":"closed","ping_status":"closed","template":"","meta":{"footnotes":""},"class_list":["post-779","page","type-page","status-publish","hentry"],"yoast_head":"<!-- This site is optimized with the Yoast SEO plugin v23.9 - https:\/\/yoast.com\/wordpress\/plugins\/seo\/ -->\n<title>Randevu - Dr.Dt.Osman Alper TEM\u0130Z<\/title>\n<meta name=\"robots\" content=\"index, follow, max-snippet:-1, max-image-preview:large, max-video-preview:-1\" \/>\n<link rel=\"canonical\" href=\"https:\/\/dtalpertemiz.com\/tr\/randevu\/\" \/>\n<meta property=\"og:locale\" content=\"tr_TR\" \/>\n<meta property=\"og:type\" content=\"article\" \/>\n<meta property=\"og:title\" content=\"Randevu - Dr.Dt.Osman Alper TEM\u0130Z\" \/>\n<meta property=\"og:url\" content=\"https:\/\/dtalpertemiz.com\/tr\/randevu\/\" \/>\n<meta property=\"og:site_name\" content=\"Dr.Dt.Osman Alper TEM\u0130Z\" \/>\n<meta property=\"article:modified_time\" content=\"2019-06-10T09:05:51+00:00\" \/>\n<meta name=\"twitter:card\" content=\"summary_large_image\" \/>\n<script type=\"application\/ld+json\" class=\"yoast-schema-graph\">{\"@context\":\"https:\/\/schema.org\",\"@graph\":[{\"@type\":\"WebPage\",\"@id\":\"https:\/\/dtalpertemiz.com\/tr\/randevu\/\",\"url\":\"https:\/\/dtalpertemiz.com\/tr\/randevu\/\",\"name\":\"Randevu - Dr.Dt.Osman Alper TEM\u0130Z\",\"isPartOf\":{\"@id\":\"https:\/\/dtalpertemiz.com\/tr\/#website\"},\"datePublished\":\"2019-06-10T09:05:48+00:00\",\"dateModified\":\"2019-06-10T09:05:51+00:00\",\"breadcrumb\":{\"@id\":\"https:\/\/dtalpertemiz.com\/tr\/randevu\/#breadcrumb\"},\"inLanguage\":\"tr\",\"potentialAction\":[{\"@type\":\"ReadAction\",\"target\":[\"https:\/\/dtalpertemiz.com\/tr\/randevu\/\"]}]},{\"@type\":\"BreadcrumbList\",\"@id\":\"https:\/\/dtalpertemiz.com\/tr\/randevu\/#breadcrumb\",\"itemListElement\":[{\"@type\":\"ListItem\",\"position\":1,\"name\":\"Ana sayfa\",\"item\":\"https:\/\/dtalpertemiz.com\/tr\/\"},{\"@type\":\"ListItem\",\"position\":2,\"name\":\"Randevu\"}]},{\"@type\":\"WebSite\",\"@id\":\"https:\/\/dtalpertemiz.com\/tr\/#website\",\"url\":\"https:\/\/dtalpertemiz.com\/tr\/\",\"name\":\"Dr.Dt.Osman Alper TEM\u0130Z\",\"description\":\"\",\"potentialAction\":[{\"@type\":\"SearchAction\",\"target\":{\"@type\":\"EntryPoint\",\"urlTemplate\":\"https:\/\/dtalpertemiz.com\/tr\/?s={search_term_string}\"},\"query-input\":{\"@type\":\"PropertyValueSpecification\",\"valueRequired\":true,\"valueName\":\"search_term_string\"}}],\"inLanguage\":\"tr\"}]}<\/script>\n<!-- \/ Yoast SEO plugin. -->","yoast_head_json":{"title":"Randevu - Dr.Dt.Osman Alper TEM\u0130Z","robots":{"index":"index","follow":"follow","max-snippet":"max-snippet:-1","max-image-preview":"max-image-preview:large","max-video-preview":"max-video-preview:-1"},"canonical":"https:\/\/dtalpertemiz.com\/tr\/randevu\/","og_locale":"tr_TR","og_type":"article","og_title":"Randevu - Dr.Dt.Osman Alper TEM\u0130Z","og_url":"https:\/\/dtalpertemiz.com\/tr\/randevu\/","og_site_name":"Dr.Dt.Osman Alper TEM\u0130Z","article_modified_time":"2019-06-10T09:05:51+00:00","twitter_card":"summary_large_image","schema":{"@context":"https:\/\/schema.org","@graph":[{"@type":"WebPage","@id":"https:\/\/dtalpertemiz.com\/tr\/randevu\/","url":"https:\/\/dtalpertemiz.com\/tr\/randevu\/","name":"Randevu - Dr.Dt.Osman Alper TEM\u0130Z","isPartOf":{"@id":"https:\/\/dtalpertemiz.com\/tr\/#website"},"datePublished":"2019-06-10T09:05:48+00:00","dateModified":"2019-06-10T09:05:51+00:00","breadcrumb":{"@id":"https:\/\/dtalpertemiz.com\/tr\/randevu\/#breadcrumb"},"inLanguage":"tr","potentialAction":[{"@type":"ReadAction","target":["https:\/\/dtalpertemiz.com\/tr\/randevu\/"]}]},{"@type":"BreadcrumbList","@id":"https:\/\/dtalpertemiz.com\/tr\/randevu\/#breadcrumb","itemListElement":[{"@type":"ListItem","position":1,"name":"Ana sayfa","item":"https:\/\/dtalpertemiz.com\/tr\/"},{"@type":"ListItem","position":2,"name":"Randevu"}]},{"@type":"WebSite","@id":"https:\/\/dtalpertemiz.com\/tr\/#website","url":"https:\/\/dtalpertemiz.com\/tr\/","name":"Dr.Dt.Osman Alper TEM\u0130Z","description":"","potentialAction":[{"@type":"SearchAction","target":{"@type":"EntryPoint","urlTemplate":"https:\/\/dtalpertemiz.com\/tr\/?s={search_term_string}"},"query-input":{"@type":"PropertyValueSpecification","valueRequired":true,"valueName":"search_term_string"}}],"inLanguage":"tr"}]}},"_links":{"self":[{"href":"https:\/\/dtalpertemiz.com\/tr\/wp-json\/wp\/v2\/pages\/779","targetHints":{"allow":["GET"]}}],"collection":[{"href":"https:\/\/dtalpertemiz.com\/tr\/wp-json\/wp\/v2\/pages"}],"about":[{"href":"https:\/\/dtalpertemiz.com\/tr\/wp-json\/wp\/v2\/types\/page"}],"author":[{"embeddable":true,"href":"https:\/\/dtalpertemiz.com\/tr\/wp-json\/wp\/v2\/users\/1"}],"replies":[{"embeddable":true,"href":"https:\/\/dtalpertemiz.com\/tr\/wp-json\/wp\/v2\/comments?post=779"}],"version-history":[{"count":1,"href":"https:\/\/dtalpertemiz.com\/tr\/wp-json\/wp\/v2\/pages\/779\/revisions"}],"predecessor-version":[{"id":780,"href":"https:\/\/dtalpertemiz.com\/tr\/wp-json\/wp\/v2\/pages\/779\/revisions\/780"}],"wp:attachment":[{"href":"https:\/\/dtalpertemiz.com\/tr\/wp-json\/wp\/v2\/media?parent=779"}],"curies":[{"name":"wp","href":"https:\/\/api.w.org\/{rel}","templated":true}]}}